{"id":395,"date":"2023-11-20T17:17:22","date_gmt":"2023-11-20T20:17:22","guid":{"rendered":"https:\/\/1stchoicevistos.com\/?page_id=395"},"modified":"2023-11-21T11:02:21","modified_gmt":"2023-11-21T14:02:21","slug":"vistos-canadenses","status":"publish","type":"page","link":"https:\/\/1stchoicevistos.com\/?page_id=395","title":{"rendered":"Vistos Canadenses"},"content":{"rendered":"\t\t<div data-elementor-type=\"wp-page\" data-elementor-id=\"395\" class=\"elementor elementor-395\">\n\t\t\t\t\t\t<section class=\"elementor-section elementor-top-section elementor-element elementor-element-6a77e21 elementor-section-boxed elementor-section-height-default elementor-section-height-default\" data-id=\"6a77e21\" data-element_type=\"section\" data-e-type=\"section\">\n\t\t\t\t\t\t<div class=\"elementor-container elementor-column-gap-default\">\n\t\t\t\t\t<div class=\"elementor-column elementor-col-100 elementor-top-column elementor-element elementor-element-b94d7d1\" data-id=\"b94d7d1\" data-element_type=\"column\" data-e-type=\"column\">\n\t\t\t<div class=\"elementor-widget-wrap\">\n\t\t\t\t\t\t\t<\/div>\n\t\t<\/div>\n\t\t\t\t\t<\/div>\n\t\t<\/section>\n\t\t\t\t<section class=\"elementor-section elementor-top-section elementor-element elementor-element-516668c elementor-section-boxed elementor-section-height-default elementor-section-height-default\" data-id=\"516668c\" data-element_type=\"section\" data-e-type=\"section\" data-settings=\"{&quot;background_background&quot;:&quot;classic&quot;}\">\n\t\t\t\t\t\t<div class=\"elementor-container elementor-column-gap-default\">\n\t\t\t\t\t<div class=\"elementor-column elementor-col-100 elementor-top-column elementor-element elementor-element-e39b1d0\" data-id=\"e39b1d0\" data-element_type=\"column\" data-e-type=\"column\">\n\t\t\t<div class=\"elementor-widget-wrap elementor-element-populated\">\n\t\t\t\t\t\t<div class=\"elementor-element elementor-element-09293f7 elementor-widget elementor-widget-heading\" data-id=\"09293f7\" data-element_type=\"widget\" data-e-type=\"widget\" data-widget_type=\"heading.default\">\n\t\t\t\t<div class=\"elementor-widget-container\">\n\t\t\t\t\t<h2 class=\"elementor-heading-title elementor-size-default\">Vistos Canadenses<\/h2>\t\t\t\t<\/div>\n\t\t\t\t<\/div>\n\t\t\t\t\t<\/div>\n\t\t<\/div>\n\t\t\t\t\t<\/div>\n\t\t<\/section>\n\t\t\t\t<section class=\"elementor-section elementor-top-section elementor-element elementor-element-697e590 elementor-section-boxed elementor-section-height-default elementor-section-height-default\" data-id=\"697e590\" data-element_type=\"section\" data-e-type=\"section\">\n\t\t\t\t\t\t<div class=\"elementor-container elementor-column-gap-default\">\n\t\t\t\t\t<div class=\"elementor-column elementor-col-100 elementor-top-column elementor-element elementor-element-07abd0c\" data-id=\"07abd0c\" data-element_type=\"column\" data-e-type=\"column\">\n\t\t\t<div class=\"elementor-widget-wrap elementor-element-populated\">\n\t\t\t\t\t\t<section class=\"elementor-section elementor-inner-section elementor-element elementor-element-a0dc158 elementor-section-boxed elementor-section-height-default elementor-section-height-default\" data-id=\"a0dc158\" data-element_type=\"section\" data-e-type=\"section\">\n\t\t\t\t\t\t<div class=\"elementor-container elementor-column-gap-default\">\n\t\t\t\t\t<div class=\"elementor-column elementor-col-100 elementor-inner-column elementor-element elementor-element-79d7bf6\" data-id=\"79d7bf6\" data-element_type=\"column\" data-e-type=\"column\">\n\t\t\t<div class=\"elementor-widget-wrap elementor-element-populated\">\n\t\t\t\t\t\t<div class=\"elementor-element elementor-element-e900a06 elementor-widget__width-initial elementor-widget elementor-widget-accordion\" data-id=\"e900a06\" data-element_type=\"widget\" data-e-type=\"widget\" data-widget_type=\"accordion.default\">\n\t\t\t\t<div class=\"elementor-widget-container\">\n\t\t\t\t\t\t\t<div class=\"elementor-accordion\">\n\t\t\t\t\t\t\t<div class=\"elementor-accordion-item\">\n\t\t\t\t\t<div id=\"elementor-tab-title-2441\" class=\"elementor-tab-title\" data-tab=\"1\" role=\"button\" aria-controls=\"elementor-tab-content-2441\" aria-expanded=\"false\">\n\t\t\t\t\t\t\t\t\t\t\t\t\t<span class=\"elementor-accordion-icon elementor-accordion-icon-right\" aria-hidden=\"true\">\n\t\t\t\t\t\t\t\t\t\t\t\t\t\t\t<span class=\"elementor-accordion-icon-closed\"><i class=\"fas fa-plus\"><\/i><\/span>\n\t\t\t\t\t\t\t\t<span class=\"elementor-accordion-icon-opened\"><i class=\"fas fa-minus\"><\/i><\/span>\n\t\t\t\t\t\t\t\t\t\t\t\t\t\t<\/span>\n\t\t\t\t\t\t\t\t\t\t\t\t<a class=\"elementor-accordion-title\" tabindex=\"0\">Turismo<\/a>\n\t\t\t\t\t<\/div>\n\t\t\t\t\t<div id=\"elementor-tab-content-2441\" class=\"elementor-tab-content elementor-clearfix\" data-tab=\"1\" role=\"region\" aria-labelledby=\"elementor-tab-title-2441\"><p>Quem pretende visitar o Canad\u00e1 a turismo, deve saber que existem duas modalidades de visto canadense: o eTA, que \u00e9 uma autoriza\u00e7\u00e3o eletr\u00f4nica de viagem, e o visto convencional de turismo.<\/p><p>O visto de turismo para o Canad\u00e1 n\u00e3o d\u00e1 direito a trabalhar nem a estudar no pa\u00eds. Por\u00e9m, caso o visto seja para um curso com dura\u00e7\u00e3o inferior a seis meses ou 24 semanas, que \u00e9 o prazo m\u00e1ximo para estadia no pa\u00eds com esse tipo de visto, pode-se trabalhar apenas durante esse per\u00edodo.<\/p><p class=\"MsoNormal\"><span style=\"font-size: 1rem;\">Quanto mais v\u00ednculos voc\u00ea tiver, maiores s\u00e3o as chances de conseguir tirar o seu t\u00e3o sonhado visto para os Estados Unidos.<\/span><\/p><\/div>\n\t\t\t\t<\/div>\n\t\t\t\t\t\t\t<div class=\"elementor-accordion-item\">\n\t\t\t\t\t<div id=\"elementor-tab-title-2442\" class=\"elementor-tab-title\" data-tab=\"2\" role=\"button\" aria-controls=\"elementor-tab-content-2442\" aria-expanded=\"false\">\n\t\t\t\t\t\t\t\t\t\t\t\t\t<span class=\"elementor-accordion-icon elementor-accordion-icon-right\" aria-hidden=\"true\">\n\t\t\t\t\t\t\t\t\t\t\t\t\t\t\t<span class=\"elementor-accordion-icon-closed\"><i class=\"fas fa-plus\"><\/i><\/span>\n\t\t\t\t\t\t\t\t<span class=\"elementor-accordion-icon-opened\"><i class=\"fas fa-minus\"><\/i><\/span>\n\t\t\t\t\t\t\t\t\t\t\t\t\t\t<\/span>\n\t\t\t\t\t\t\t\t\t\t\t\t<a class=\"elementor-accordion-title\" tabindex=\"0\">ETA - Para quem j\u00e1 possui visto americano<\/a>\n\t\t\t\t\t<\/div>\n\t\t\t\t\t<div id=\"elementor-tab-content-2442\" class=\"elementor-tab-content elementor-clearfix\" data-tab=\"2\" role=\"region\" aria-labelledby=\"elementor-tab-title-2442\"><p class=\"MsoNormal\">Quem pretende visitar o Canad\u00e1 a turismo, deve saber que existem duas modalidades de visto canadense: o eTA, que \u00e9 uma autoriza\u00e7\u00e3o eletr\u00f4nica de viagem, e o visto convencional de turismo.<\/p><p>\u00a0<\/p><p class=\"MsoNormal\">O visto de turismo para o Canad\u00e1 n\u00e3o d\u00e1 direito a trabalhar nem a estudar no pa\u00eds. Por\u00e9m, caso o visto seja para um curso com dura\u00e7\u00e3o inferior a seis meses ou 24 semanas, que \u00e9 o prazo m\u00e1ximo para estadia no pa\u00eds com esse tipo de visto, pode-se trabalhar apenas durante esse per\u00edodo.<\/p><\/div>\n\t\t\t\t<\/div>\n\t\t\t\t\t\t\t<div class=\"elementor-accordion-item\">\n\t\t\t\t\t<div id=\"elementor-tab-title-2443\" class=\"elementor-tab-title\" data-tab=\"3\" role=\"button\" aria-controls=\"elementor-tab-content-2443\" aria-expanded=\"false\">\n\t\t\t\t\t\t\t\t\t\t\t\t\t<span class=\"elementor-accordion-icon elementor-accordion-icon-right\" aria-hidden=\"true\">\n\t\t\t\t\t\t\t\t\t\t\t\t\t\t\t<span class=\"elementor-accordion-icon-closed\"><i class=\"fas fa-plus\"><\/i><\/span>\n\t\t\t\t\t\t\t\t<span class=\"elementor-accordion-icon-opened\"><i class=\"fas fa-minus\"><\/i><\/span>\n\t\t\t\t\t\t\t\t\t\t\t\t\t\t<\/span>\n\t\t\t\t\t\t\t\t\t\t\t\t<a class=\"elementor-accordion-title\" tabindex=\"0\">Visto de Tr\u00e2nsito<\/a>\n\t\t\t\t\t<\/div>\n\t\t\t\t\t<div id=\"elementor-tab-content-2443\" class=\"elementor-tab-content elementor-clearfix\" data-tab=\"3\" role=\"region\" aria-labelledby=\"elementor-tab-title-2443\"><p>O Visto de Tr\u00e2nsito para o Canad\u00e1 \u00e9 exigido quando o voo de origem e de destino a outro pa\u00eds fizer conex\u00e3o e\/ou escala no Canad\u00e1 por um per\u00edodo inferior a 48 horas, ap\u00f3s esse per\u00edodo, \u00e9 necess\u00e1rio o visto de visitante (residente tempor\u00e1rio).<\/p>\n<p>Para obter um Visto de Tr\u00e2nsito, dever\u00e3o ser fornecidas informa\u00e7\u00f5es espec\u00edficas sobre o seu itiner\u00e1rio de viagem. O procedimento para se obter o Visto de Tr\u00e2nsito \u00e9 id\u00eantico ao do Visto de Visitante (residente tempor\u00e1rio).<\/p>\n<p>\u00c9 importante que tenha seu itiner\u00e1rio completo com as passagens a\u00e9reas emitidas. Note que \u00e9 fundamental que apresente seu pedido com anteced\u00eancia para evitar qualquer contratempo.<\/p><p><strong style=\"font-size: 1rem;\"><em>Necess\u00e1rio o alerta que mesmo atendendo todos os crit\u00e9rios para o visto, o mesmo pode ser negado. O sucesso da aplica\u00e7\u00e3o (aprova\u00e7\u00e3o do visto) tamb\u00e9m n\u00e3o \u00e9 certeza da entrada no pa\u00eds. A \u00faltima an\u00e1lise para a aprova\u00e7\u00e3o \u00e9 realizada pelo oficial de imigra\u00e7\u00e3o que pode entender que voc\u00ea n\u00e3o \u00e9 um aplicante genu\u00edno.<\/em><\/strong><\/p><\/div>\n\t\t\t\t<\/div>\n\t\t\t\t\t\t\t<div class=\"elementor-accordion-item\">\n\t\t\t\t\t<div id=\"elementor-tab-title-2444\" class=\"elementor-tab-title\" data-tab=\"4\" role=\"button\" aria-controls=\"elementor-tab-content-2444\" aria-expanded=\"false\">\n\t\t\t\t\t\t\t\t\t\t\t\t\t<span class=\"elementor-accordion-icon elementor-accordion-icon-right\" aria-hidden=\"true\">\n\t\t\t\t\t\t\t\t\t\t\t\t\t\t\t<span class=\"elementor-accordion-icon-closed\"><i class=\"fas fa-plus\"><\/i><\/span>\n\t\t\t\t\t\t\t\t<span class=\"elementor-accordion-icon-opened\"><i class=\"fas fa-minus\"><\/i><\/span>\n\t\t\t\t\t\t\t\t\t\t\t\t\t\t<\/span>\n\t\t\t\t\t\t\t\t\t\t\t\t<a class=\"elementor-accordion-title\" tabindex=\"0\">Visto de Trabalho em Aberto<\/a>\n\t\t\t\t\t<\/div>\n\t\t\t\t\t<div id=\"elementor-tab-content-2444\" class=\"elementor-tab-content elementor-clearfix\" data-tab=\"4\" role=\"region\" aria-labelledby=\"elementor-tab-title-2444\"><p><b><u>OWP &#8211; Open Work Permit<\/u><\/b><\/p><p>O visto de trabalho em aberto ou permiss\u00e3o de trabalho em aberto \u00e9 destinada \u00e0s pessoas que desejam trabalhar no Canad\u00e1 sem que tenha uma proposta de emprego formal. Voc\u00ea pode ter direito a uma permiss\u00e3o de trabalho aberta se:<\/p><p>&#8211; \u00e9 um estudante internacional que se formou em uma institui\u00e7\u00e3o de ensino designada e \u00e9 eleg\u00edvel para o Programa de Permiss\u00e3o de Trabalho de P\u00f3s-Gradua\u00e7\u00e3o;<\/p><p>&#8211; \u00e9 um familiar dependente de algu\u00e9m que solicitou resid\u00eancia permanente;<\/p><p>&#8211; \u00e9 o c\u00f4njuge ou parceiro de direito comum de um trabalhador qualificado ou estudante internacional;<\/p><p>&#8211; \u00e9 titular tempor\u00e1rio de autoriza\u00e7\u00e3o de residente;<\/p><p>&#8211; \u00e9 um jovem trabalhador participando de programas especiais.<\/p><p>Se voc\u00ea estiver indo ao Canad\u00e1 acompanhar seu c\u00f4njuge poder\u00e1 solicitar na chegada ao pa\u00eds uma Permiss\u00e3o de Trabalho durante o per\u00edodo de estudos de seu esposo ou esposa.<\/p><\/div>\n\t\t\t\t<\/div>\n\t\t\t\t\t\t\t<div class=\"elementor-accordion-item\">\n\t\t\t\t\t<div id=\"elementor-tab-title-2445\" class=\"elementor-tab-title\" data-tab=\"5\" role=\"button\" aria-controls=\"elementor-tab-content-2445\" aria-expanded=\"false\">\n\t\t\t\t\t\t\t\t\t\t\t\t\t<span class=\"elementor-accordion-icon elementor-accordion-icon-right\" aria-hidden=\"true\">\n\t\t\t\t\t\t\t\t\t\t\t\t\t\t\t<span class=\"elementor-accordion-icon-closed\"><i class=\"fas fa-plus\"><\/i><\/span>\n\t\t\t\t\t\t\t\t<span class=\"elementor-accordion-icon-opened\"><i class=\"fas fa-minus\"><\/i><\/span>\n\t\t\t\t\t\t\t\t\t\t\t\t\t\t<\/span>\n\t\t\t\t\t\t\t\t\t\t\t\t<a class=\"elementor-accordion-title\" tabindex=\"0\">Visto de Trabalho<\/a>\n\t\t\t\t\t<\/div>\n\t\t\t\t\t<div id=\"elementor-tab-content-2445\" class=\"elementor-tab-content elementor-clearfix\" data-tab=\"5\" role=\"region\" aria-labelledby=\"elementor-tab-title-2445\"><p>O visto de trabalho ou permiss\u00e3o de trabalho \u00e9 destinada \u00e0s pessoas que desejam trabalhar no Canad\u00e1 em alguma \u00e1rea para a qual n\u00e3o existam residentes permanentes qualificados a fim de exercer tal fun\u00e7\u00e3o.<\/p><p>Normalmente, as pessoas que pretendem trabalhar temporariamente no Canad\u00e1 necessitam de uma confirma\u00e7\u00e3o da proposta de emprego emitida pelo Minist\u00e9rio do Trabalho canadense que emitir\u00e1 a confirma\u00e7\u00e3o uma vez que for estabelecido que cidad\u00e3os canadenses ou residentes permanentes qualificados n\u00e3o est\u00e3o dispon\u00edveis para preencher a vaga.<\/p><p>Consequentemente, se uma proposta de trabalho tempor\u00e1rio no Canad\u00e1 lhe for feita, seu empregador dever\u00e1 primeiramente contactar uma ag\u00eancia do Minist\u00e9rio do Trabalho mais pr\u00f3xima para conseguir a autoriza\u00e7\u00e3o.<\/p><p>Se voc\u00ea estiver vindo a convite de uma empresa, vai precisar obter um LMIA (Labour Market Impact Assessment) que \u00e9 um documento formal emitido pelo Human resources Canada (\u00f3rg\u00e3o p\u00fablico federal assemelhado ao Minist\u00e9rio do Trabalho no Brasil) que permite a empresa Canadense contratar um estrangeiro em virtude de uma car\u00eancia profissional, que n\u00e3o conseguiu &#8211; comprovadamente &#8211; contratar um cidad\u00e3o Canadense ou Residente Permanente e necessita buscar pessoas em outros pa\u00edses. Esse processo \u00e9 complexo e caro.<\/p><p>Se voc\u00ea estiver indo ao Canad\u00e1 acompanhar seu c\u00f4njuge poder\u00e1 solicitar na chegada ao pa\u00eds uma Permiss\u00e3o de Trabalho durante o per\u00edodo de estudos de seu esposo ou esposa.<\/p><\/div>\n\t\t\t\t<\/div>\n\t\t\t\t\t\t\t<div class=\"elementor-accordion-item\">\n\t\t\t\t\t<div id=\"elementor-tab-title-2446\" class=\"elementor-tab-title\" data-tab=\"6\" role=\"button\" aria-controls=\"elementor-tab-content-2446\" aria-expanded=\"false\">\n\t\t\t\t\t\t\t\t\t\t\t\t\t<span class=\"elementor-accordion-icon elementor-accordion-icon-right\" aria-hidden=\"true\">\n\t\t\t\t\t\t\t\t\t\t\t\t\t\t\t<span class=\"elementor-accordion-icon-closed\"><i class=\"fas fa-plus\"><\/i><\/span>\n\t\t\t\t\t\t\t\t<span class=\"elementor-accordion-icon-opened\"><i class=\"fas fa-minus\"><\/i><\/span>\n\t\t\t\t\t\t\t\t\t\t\t\t\t\t<\/span>\n\t\t\t\t\t\t\t\t\t\t\t\t<a class=\"elementor-accordion-title\" tabindex=\"0\">Visto de Neg\u00f3cios<\/a>\n\t\t\t\t\t<\/div>\n\t\t\t\t\t<div id=\"elementor-tab-content-2446\" class=\"elementor-tab-content elementor-clearfix\" data-tab=\"6\" role=\"region\" aria-labelledby=\"elementor-tab-title-2446\"><p>Quem pretende visitar o Canad\u00e1 a neg\u00f3cios, deve saber que existem duas modalidades de visto canadense: o eTA, que \u00e9 uma autoriza\u00e7\u00e3o eletr\u00f4nica de viagem, e o visto convencional de turismo. O visto de neg\u00f3cios n\u00e3o d\u00e1 direito a trabalhar nem a estudar no Canad\u00e1.<\/p><\/div>\n\t\t\t\t<\/div>\n\t\t\t\t\t\t\t<div class=\"elementor-accordion-item\">\n\t\t\t\t\t<div id=\"elementor-tab-title-2447\" class=\"elementor-tab-title\" data-tab=\"7\" role=\"button\" aria-controls=\"elementor-tab-content-2447\" aria-expanded=\"false\">\n\t\t\t\t\t\t\t\t\t\t\t\t\t<span class=\"elementor-accordion-icon elementor-accordion-icon-right\" aria-hidden=\"true\">\n\t\t\t\t\t\t\t\t\t\t\t\t\t\t\t<span class=\"elementor-accordion-icon-closed\"><i class=\"fas fa-plus\"><\/i><\/span>\n\t\t\t\t\t\t\t\t<span class=\"elementor-accordion-icon-opened\"><i class=\"fas fa-minus\"><\/i><\/span>\n\t\t\t\t\t\t\t\t\t\t\t\t\t\t<\/span>\n\t\t\t\t\t\t\t\t\t\t\t\t<a class=\"elementor-accordion-title\" tabindex=\"0\">Visto de Estudos<\/a>\n\t\t\t\t\t<\/div>\n\t\t\t\t\t<div id=\"elementor-tab-content-2447\" class=\"elementor-tab-content elementor-clearfix\" data-tab=\"7\" role=\"region\" aria-labelledby=\"elementor-tab-title-2447\"><p>O visto de estudos para o Canad\u00e1 ou permiss\u00e3o de estudos \u00e9 destinada \u00e0s pessoas que desejam estudar no Canad\u00e1 por mais de 6 meses. Para requerer o visto \u00e9 necess\u00e1rio que se tenha uma carta de aceita\u00e7\u00e3o de alguma escola canadense comprovando que o per\u00edodo de estudo.<\/p><p>Estudantes indo para cursos com dura\u00e7\u00e3o inferior a 6 meses, n\u00e3o necessitam de permiss\u00e3o de estudo, mas ainda assim precisam de um visto de entrada que no caso \u00e9 o visto de turismo com permiss\u00e3o de estudos.<\/p><\/div>\n\t\t\t\t<\/div>\n\t\t\t\t\t\t\t<div class=\"elementor-accordion-item\">\n\t\t\t\t\t<div id=\"elementor-tab-title-2448\" class=\"elementor-tab-title\" data-tab=\"8\" role=\"button\" aria-controls=\"elementor-tab-content-2448\" aria-expanded=\"false\">\n\t\t\t\t\t\t\t\t\t\t\t\t\t<span class=\"elementor-accordion-icon elementor-accordion-icon-right\" aria-hidden=\"true\">\n\t\t\t\t\t\t\t\t\t\t\t\t\t\t\t<span class=\"elementor-accordion-icon-closed\"><i class=\"fas fa-plus\"><\/i><\/span>\n\t\t\t\t\t\t\t\t<span class=\"elementor-accordion-icon-opened\"><i class=\"fas fa-minus\"><\/i><\/span>\n\t\t\t\t\t\t\t\t\t\t\t\t\t\t<\/span>\n\t\t\t\t\t\t\t\t\t\t\t\t<a class=\"elementor-accordion-title\" tabindex=\"0\">Visto de High School<\/a>\n\t\t\t\t\t<\/div>\n\t\t\t\t\t<div id=\"elementor-tab-content-2448\" class=\"elementor-tab-content elementor-clearfix\" data-tab=\"8\" role=\"region\" aria-labelledby=\"elementor-tab-title-2448\"><p>O visto de estudos para o Canad\u00e1 ou permiss\u00e3o de estudos \u00e9 destinada \u00e0s pessoas que desejam estudar no Canad\u00e1 um curso de high school. Para requerer o visto \u00e9 necess\u00e1rio que se tenha uma carta de aceita\u00e7\u00e3o de alguma escola canadense comprovando que o per\u00edodo de estudo.<\/p><\/div>\n\t\t\t\t<\/div>\n\t\t\t\t\t\t\t\t<\/div>\n\t\t\t\t\t\t<\/div>\n\t\t\t\t<\/div>\n\t\t\t\t\t<\/div>\n\t\t<\/div>\n\t\t\t\t\t<\/div>\n\t\t<\/section>\n\t\t\t\t\t<\/div>\n\t\t<\/div>\n\t\t\t\t\t<\/div>\n\t\t<\/section>\n\t\t\t\t<section class=\"elementor-section elementor-top-section elementor-element elementor-element-746d8ff elementor-section-boxed elementor-section-height-default elementor-section-height-default\" data-id=\"746d8ff\" data-element_type=\"section\" data-e-type=\"section\">\n\t\t\t\t\t\t<div class=\"elementor-container elementor-column-gap-default\">\n\t\t\t\t\t<div class=\"elementor-column elementor-col-100 elementor-top-column elementor-element elementor-element-33df79a\" data-id=\"33df79a\" data-element_type=\"column\" data-e-type=\"column\">\n\t\t\t<div class=\"elementor-widget-wrap\">\n\t\t\t\t\t\t\t<\/div>\n\t\t<\/div>\n\t\t\t\t\t<\/div>\n\t\t<\/section>\n\t\t\t\t<section class=\"elementor-section elementor-top-section elementor-element elementor-element-2a8bd38 elementor-section-boxed elementor-section-height-default elementor-section-height-default\" data-id=\"2a8bd38\" data-element_type=\"section\" data-e-type=\"section\" data-settings=\"{&quot;background_background&quot;:&quot;classic&quot;}\">\n\t\t\t\t\t\t<div class=\"elementor-container elementor-column-gap-default\">\n\t\t\t\t\t<div class=\"elementor-column elementor-col-100 elementor-top-column elementor-element elementor-element-5ecc358\" data-id=\"5ecc358\" data-element_type=\"column\" data-e-type=\"column\">\n\t\t\t<div class=\"elementor-widget-wrap elementor-element-populated\">\n\t\t\t\t\t\t<div class=\"elementor-element elementor-element-7765e20 elementor-widget elementor-widget-text-editor\" data-id=\"7765e20\" data-element_type=\"widget\" data-e-type=\"widget\" data-widget_type=\"text-editor.default\">\n\t\t\t\t<div class=\"elementor-widget-container\">\n\t\t\t\t\t\t\t\t\t<p><span style=\"font-weight: 400;\">&nbsp;<\/span><\/p>\n<p><span style=\"font-weight: 400;\">&nbsp;<\/span><\/p>\n<p>N\u00e3o encontrou<\/p>\n<p>o que procura ou<\/p>\n<p>quer saber mais?<\/p><p><br><\/p><p><br><\/p>\t\t\t\t\t\t\t\t<\/div>\n\t\t\t\t<\/div>\n\t\t\t\t<div class=\"elementor-element elementor-element-ad0e8a3 elementor-align-center elementor-widget elementor-widget-button\" data-id=\"ad0e8a3\" data-element_type=\"widget\" data-e-type=\"widget\" data-widget_type=\"button.default\">\n\t\t\t\t<div class=\"elementor-widget-container\">\n\t\t\t\t\t\t\t\t\t<div class=\"elementor-button-wrapper\">\n\t\t\t\t\t<a class=\"elementor-button elementor-button-link elementor-size-lg\" href=\"https:\/\/api.whatsapp.com\/send?phone=5531991852728\">\n\t\t\t\t\t\t<span class=\"elementor-button-content-wrapper\">\n\t\t\t\t\t\t\t\t\t<span class=\"elementor-button-text\">Clique aqui.<\/span>\n\t\t\t\t\t<\/span>\n\t\t\t\t\t<\/a>\n\t\t\t\t<\/div>\n\t\t\t\t\t\t\t\t<\/div>\n\t\t\t\t<\/div>\n\t\t\t\t\t<\/div>\n\t\t<\/div>\n\t\t\t\t\t<\/div>\n\t\t<\/section>\n\t\t\t\t<\/div>\n\t\t","protected":false},"excerpt":{"rendered":"<p>Vistos Canadenses Turismo Quem pretende visitar o Canad\u00e1 a turismo, deve saber que existem duas modalidades de visto canadense: o eTA, que \u00e9 uma autoriza\u00e7\u00e3o eletr\u00f4nica de viagem, e o visto convencional de turismo. O visto de turismo para o Canad\u00e1 n\u00e3o d\u00e1 direito a trabalhar nem a estudar no pa\u00eds. Por\u00e9m, caso o visto [&hellip;]<\/p>\n","protected":false},"author":1,"featured_media":0,"parent":0,"menu_order":0,"comment_status":"closed","ping_status":"closed","template":"","meta":{"footnotes":""},"class_list":["post-395","page","type-page","status-publish","hentry"],"_links":{"self":[{"href":"https:\/\/1stchoicevistos.com\/index.php?rest_route=\/wp\/v2\/pages\/395","targetHints":{"allow":["GET"]}}],"collection":[{"href":"https:\/\/1stchoicevistos.com\/index.php?rest_route=\/wp\/v2\/pages"}],"about":[{"href":"https:\/\/1stchoicevistos.com\/index.php?rest_route=\/wp\/v2\/types\/page"}],"author":[{"embeddable":true,"href":"https:\/\/1stchoicevistos.com\/index.php?rest_route=\/wp\/v2\/users\/1"}],"replies":[{"embeddable":true,"href":"https:\/\/1stchoicevistos.com\/index.php?rest_route=%2Fwp%2Fv2%2Fcomments&post=395"}],"version-history":[{"count":7,"href":"https:\/\/1stchoicevistos.com\/index.php?rest_route=\/wp\/v2\/pages\/395\/revisions"}],"predecessor-version":[{"id":507,"href":"https:\/\/1stchoicevistos.com\/index.php?rest_route=\/wp\/v2\/pages\/395\/revisions\/507"}],"wp:attachment":[{"href":"https:\/\/1stchoicevistos.com\/index.php?rest_route=%2Fwp%2Fv2%2Fmedia&parent=395"}],"curies":[{"name":"wp","href":"https:\/\/api.w.org\/{rel}","templated":true}]}}