{"id":406,"date":"2023-11-20T17:41:58","date_gmt":"2023-11-20T20:41:58","guid":{"rendered":"https:\/\/1stchoicevistos.com\/?page_id=406"},"modified":"2023-11-21T11:02:05","modified_gmt":"2023-11-21T14:02:05","slug":"vistos-nova-zelandia","status":"publish","type":"page","link":"https:\/\/1stchoicevistos.com\/?page_id=406","title":{"rendered":"Vistos Nova Zel\u00e2ndia"},"content":{"rendered":"\t\t<div data-elementor-type=\"wp-page\" data-elementor-id=\"406\" class=\"elementor elementor-406\">\n\t\t\t\t\t\t<section class=\"elementor-section elementor-top-section elementor-element elementor-element-bf7262e elementor-section-boxed elementor-section-height-default elementor-section-height-default\" data-id=\"bf7262e\" data-element_type=\"section\" data-e-type=\"section\">\n\t\t\t\t\t\t<div class=\"elementor-container elementor-column-gap-default\">\n\t\t\t\t\t<div class=\"elementor-column elementor-col-100 elementor-top-column elementor-element elementor-element-626220d\" data-id=\"626220d\" data-element_type=\"column\" data-e-type=\"column\">\n\t\t\t<div class=\"elementor-widget-wrap\">\n\t\t\t\t\t\t\t<\/div>\n\t\t<\/div>\n\t\t\t\t\t<\/div>\n\t\t<\/section>\n\t\t\t\t<section class=\"elementor-section elementor-top-section elementor-element elementor-element-08b05f3 elementor-section-boxed elementor-section-height-default elementor-section-height-default\" data-id=\"08b05f3\" data-element_type=\"section\" data-e-type=\"section\" data-settings=\"{&quot;background_background&quot;:&quot;classic&quot;}\">\n\t\t\t\t\t\t<div class=\"elementor-container elementor-column-gap-default\">\n\t\t\t\t\t<div class=\"elementor-column elementor-col-100 elementor-top-column elementor-element elementor-element-6cabbfa\" data-id=\"6cabbfa\" data-element_type=\"column\" data-e-type=\"column\">\n\t\t\t<div class=\"elementor-widget-wrap elementor-element-populated\">\n\t\t\t\t\t\t<div class=\"elementor-element elementor-element-3a8c36b elementor-widget elementor-widget-heading\" data-id=\"3a8c36b\" data-element_type=\"widget\" data-e-type=\"widget\" data-widget_type=\"heading.default\">\n\t\t\t\t<div class=\"elementor-widget-container\">\n\t\t\t\t\t<h2 class=\"elementor-heading-title elementor-size-default\">Vistos Nova Zel\u00e2ndia<\/h2>\t\t\t\t<\/div>\n\t\t\t\t<\/div>\n\t\t\t\t\t<\/div>\n\t\t<\/div>\n\t\t\t\t\t<\/div>\n\t\t<\/section>\n\t\t\t\t<section class=\"elementor-section elementor-top-section elementor-element elementor-element-bad995d elementor-section-boxed elementor-section-height-default elementor-section-height-default\" data-id=\"bad995d\" data-element_type=\"section\" data-e-type=\"section\">\n\t\t\t\t\t\t<div class=\"elementor-container elementor-column-gap-default\">\n\t\t\t\t\t<div class=\"elementor-column elementor-col-100 elementor-top-column elementor-element elementor-element-891a5a1\" data-id=\"891a5a1\" data-element_type=\"column\" data-e-type=\"column\">\n\t\t\t<div class=\"elementor-widget-wrap\">\n\t\t\t\t\t\t\t<\/div>\n\t\t<\/div>\n\t\t\t\t\t<\/div>\n\t\t<\/section>\n\t\t\t\t<section class=\"elementor-section elementor-top-section elementor-element elementor-element-bac2efc elementor-section-boxed elementor-section-height-default elementor-section-height-default\" data-id=\"bac2efc\" data-element_type=\"section\" data-e-type=\"section\">\n\t\t\t\t\t\t<div class=\"elementor-container elementor-column-gap-default\">\n\t\t\t\t\t<div class=\"elementor-column elementor-col-100 elementor-top-column elementor-element elementor-element-6cd602a\" data-id=\"6cd602a\" data-element_type=\"column\" data-e-type=\"column\">\n\t\t\t<div class=\"elementor-widget-wrap elementor-element-populated\">\n\t\t\t\t\t\t<section class=\"elementor-section elementor-inner-section elementor-element elementor-element-d2317a0 elementor-section-boxed elementor-section-height-default elementor-section-height-default\" data-id=\"d2317a0\" data-element_type=\"section\" data-e-type=\"section\">\n\t\t\t\t\t\t<div class=\"elementor-container elementor-column-gap-default\">\n\t\t\t\t\t<div class=\"elementor-column elementor-col-100 elementor-inner-column elementor-element elementor-element-7fd7578\" data-id=\"7fd7578\" data-element_type=\"column\" data-e-type=\"column\">\n\t\t\t<div class=\"elementor-widget-wrap elementor-element-populated\">\n\t\t\t\t\t\t<div class=\"elementor-element elementor-element-b42d843 elementor-widget__width-initial elementor-widget elementor-widget-accordion\" data-id=\"b42d843\" data-element_type=\"widget\" data-e-type=\"widget\" data-widget_type=\"accordion.default\">\n\t\t\t\t<div class=\"elementor-widget-container\">\n\t\t\t\t\t\t\t<div class=\"elementor-accordion\">\n\t\t\t\t\t\t\t<div class=\"elementor-accordion-item\">\n\t\t\t\t\t<div id=\"elementor-tab-title-1881\" class=\"elementor-tab-title\" data-tab=\"1\" role=\"button\" aria-controls=\"elementor-tab-content-1881\" aria-expanded=\"false\">\n\t\t\t\t\t\t\t\t\t\t\t\t\t<span class=\"elementor-accordion-icon elementor-accordion-icon-right\" aria-hidden=\"true\">\n\t\t\t\t\t\t\t\t\t\t\t\t\t\t\t<span class=\"elementor-accordion-icon-closed\"><i class=\"fas fa-plus\"><\/i><\/span>\n\t\t\t\t\t\t\t\t<span class=\"elementor-accordion-icon-opened\"><i class=\"fas fa-minus\"><\/i><\/span>\n\t\t\t\t\t\t\t\t\t\t\t\t\t\t<\/span>\n\t\t\t\t\t\t\t\t\t\t\t\t<a class=\"elementor-accordion-title\" tabindex=\"0\">Visto de Estudos<\/a>\n\t\t\t\t\t<\/div>\n\t\t\t\t\t<div id=\"elementor-tab-content-1881\" class=\"elementor-tab-content elementor-clearfix\" data-tab=\"1\" role=\"region\" aria-labelledby=\"elementor-tab-title-1881\"><p>\u00c9 um visto que deve ter muita aten\u00e7\u00e3o e cumprir com todas as diretrizes propostas. O ideal \u00e9 fazer o processo com a ajuda de uma empresa especializada para que ele seja realizado da maneira mais completa poss\u00edvel.<\/p><p>Por conta dos crit\u00e9rios \u00e9 um processo onde um simples erro ou falta de revis\u00e3o, poder\u00e1 significar a perda da vaga e recusa do visto. Desse modo, \u00e9 t\u00e3o importante contar com profissionais que saibam o que fazer.<\/p><p>Sabendo disso, a First Choice Vistos \u00e9 refer\u00eancia quando o assunto s\u00e3o libera\u00e7\u00f5es de vistos, e os vistos de estudos para a Nova Zel\u00e2ndia, est\u00e3o entre eles. Com isso, se voc\u00ea precisa do seu visto para poder estudar na Nova Zel\u00e2ndia, basta entrar em contato conosco que iremos te assessorar da melhor forma.<\/p><p>N\u00f3s contamos com profissionais qualificados para garantir que seu pedido de visto para a Nova Zel\u00e2ndia. A nossa equipe tem experi\u00eancia e sabe exatamente a forma certa de solicitar seu visto de estudos.<\/p><\/div>\n\t\t\t\t<\/div>\n\t\t\t\t\t\t\t<div class=\"elementor-accordion-item\">\n\t\t\t\t\t<div id=\"elementor-tab-title-1882\" class=\"elementor-tab-title\" data-tab=\"2\" role=\"button\" aria-controls=\"elementor-tab-content-1882\" aria-expanded=\"false\">\n\t\t\t\t\t\t\t\t\t\t\t\t\t<span class=\"elementor-accordion-icon elementor-accordion-icon-right\" aria-hidden=\"true\">\n\t\t\t\t\t\t\t\t\t\t\t\t\t\t\t<span class=\"elementor-accordion-icon-closed\"><i class=\"fas fa-plus\"><\/i><\/span>\n\t\t\t\t\t\t\t\t<span class=\"elementor-accordion-icon-opened\"><i class=\"fas fa-minus\"><\/i><\/span>\n\t\t\t\t\t\t\t\t\t\t\t\t\t\t<\/span>\n\t\t\t\t\t\t\t\t\t\t\t\t<a class=\"elementor-accordion-title\" tabindex=\"0\">NZeTA Nova Zel\u00e2ndia - Autoriza\u00e7\u00e3o Eletr\u00f4nica de Viagem - Turismo<\/a>\n\t\t\t\t\t<\/div>\n\t\t\t\t\t<div id=\"elementor-tab-content-1882\" class=\"elementor-tab-content elementor-clearfix\" data-tab=\"2\" role=\"region\" aria-labelledby=\"elementor-tab-title-1882\"><p>O NZeTA serve para viagens curtas que n\u00e3o ultrapassem o per\u00edodo de 3 meses, com possibilidade de volta facilitada dentro da validade da libera\u00e7\u00e3o. O processo ficou facilitado, sendo feito totalmente online.<\/p><p>Entretanto, alguns documentos e processos s\u00e3o um pouco complexos e funcionam melhor com uma empresa capacitada para te orientar. Principalmente, se nunca viajou para o pa\u00eds e nem tirou nenhum tipo de visto.<\/p><p>Afinal, o processo precisa ser feito da forma mais correta e completa poss\u00edvel. Onde um simples erro pode comprometer a libera\u00e7\u00e3o.<\/p><p>Para tal, n\u00f3s da Mundo dos Vistos contamos com os profissionais qualificados para garantir o seu pedido de NZeTA. A nossa equipe tem experi\u00eancia e sabe exatamente a forma correta de solicitar e te orientar durante todo o processo.<\/p><p>Desse modo, caso deseje tirar seu NZeTA da Nova Zel\u00e2ndia sem surpresas desagrad\u00e1veis, aconselhamos entrar em contato conosco.\u00a0<strong>N\u00f3s podemos te ajudar!<\/strong><\/p><\/div>\n\t\t\t\t<\/div>\n\t\t\t\t\t\t\t<div class=\"elementor-accordion-item\">\n\t\t\t\t\t<div id=\"elementor-tab-title-1883\" class=\"elementor-tab-title\" data-tab=\"3\" role=\"button\" aria-controls=\"elementor-tab-content-1883\" aria-expanded=\"false\">\n\t\t\t\t\t\t\t\t\t\t\t\t\t<span class=\"elementor-accordion-icon elementor-accordion-icon-right\" aria-hidden=\"true\">\n\t\t\t\t\t\t\t\t\t\t\t\t\t\t\t<span class=\"elementor-accordion-icon-closed\"><i class=\"fas fa-plus\"><\/i><\/span>\n\t\t\t\t\t\t\t\t<span class=\"elementor-accordion-icon-opened\"><i class=\"fas fa-minus\"><\/i><\/span>\n\t\t\t\t\t\t\t\t\t\t\t\t\t\t<\/span>\n\t\t\t\t\t\t\t\t\t\t\t\t<a class=\"elementor-accordion-title\" tabindex=\"0\">NZeTA Nova Zel\u00e2ndia - Autoriza\u00e7\u00e3o Eletr\u00f4nica de Viagem \u2013 Visto de Tr\u00e2nsito<\/a>\n\t\t\t\t\t<\/div>\n\t\t\t\t\t<div id=\"elementor-tab-content-1883\" class=\"elementor-tab-content elementor-clearfix\" data-tab=\"3\" role=\"region\" aria-labelledby=\"elementor-tab-title-1883\"><p>A partir de 01\/10\/2019 brasileiros precisar\u00e3o de uma autoriza\u00e7\u00e3o eletr\u00f4nica para visitar a Nova Zel\u00e2ndia. Essa autoriza\u00e7\u00e3o se chama eTA.<\/p><p>O NZeTA \u00e9 adequado para turismo e pessoas em tr\u00e2nsito pela Nova Zel\u00e2ndia.<br \/><br \/>O NZeTA (Nova Zel\u00e2ndia Electronic Travel Authority) DEVE ser solicitado ANTES da viagem.<\/p><\/div>\n\t\t\t\t<\/div>\n\t\t\t\t\t\t\t<div class=\"elementor-accordion-item\">\n\t\t\t\t\t<div id=\"elementor-tab-title-1884\" class=\"elementor-tab-title\" data-tab=\"4\" role=\"button\" aria-controls=\"elementor-tab-content-1884\" aria-expanded=\"false\">\n\t\t\t\t\t\t\t\t\t\t\t\t\t<span class=\"elementor-accordion-icon elementor-accordion-icon-right\" aria-hidden=\"true\">\n\t\t\t\t\t\t\t\t\t\t\t\t\t\t\t<span class=\"elementor-accordion-icon-closed\"><i class=\"fas fa-plus\"><\/i><\/span>\n\t\t\t\t\t\t\t\t<span class=\"elementor-accordion-icon-opened\"><i class=\"fas fa-minus\"><\/i><\/span>\n\t\t\t\t\t\t\t\t\t\t\t\t\t\t<\/span>\n\t\t\t\t\t\t\t\t\t\t\t\t<a class=\"elementor-accordion-title\" tabindex=\"0\">Visto de Dependente de Estudante <\/a>\n\t\t\t\t\t<\/div>\n\t\t\t\t\t<div id=\"elementor-tab-content-1884\" class=\"elementor-tab-content elementor-clearfix\" data-tab=\"4\" role=\"region\" aria-labelledby=\"elementor-tab-title-1884\"><p>O visto de dependente de estudante para Nova Zel\u00e2ndia \u00e9 adequado filhos (at\u00e9 18 anos) e c\u00f4njuge para acompanhar um estudante.<\/p><p>Este visto permite que c\u00f4njuge de portadores de visto de estudante que est\u00e3o na Nova Zel\u00e2ndia estudando uma qualifica\u00e7\u00e3o de n\u00edvel 7 ou 8 na Long Term Skill Shortage List, ou uma qualifica\u00e7\u00e3o de n\u00edvel 9 ou 10, trabalhem na Nova Zel\u00e2ndia.<\/p><p>Este visto serve para ir para a Nova Zel\u00e2ndia para trabalhar enquanto seu c\u00f4njuge est\u00e1 com um visto de estudante.<\/p><p><b>Crit\u00e9rios para esse visto:<br \/><\/b>&#8211; Seu c\u00f4njuge deve ter um visto de estudante e estar estudando para obter uma qualifica\u00e7\u00e3o de n\u00edvel 7 ou 8 na Long Term Skill Shortage List ou uma qualifica\u00e7\u00e3o de n\u00edvel 9 ou 10.<br \/>&#8211; Voc\u00ea deve estar vivendo em um relacionamento genu\u00edno e est\u00e1vel com seu parceiro h\u00e1 mais de 12 meses.<\/p><p><b>Quanto tempo posso permanecer neste visto?<br \/><\/b>Geralmente pelo mesmo tempo que o visto de estudante do seu c\u00f4njuge<\/p><p><b>Com este visto voc\u00ea pode:<br \/><\/b>&#8211; Juntar-se ao seu parceiro.<br \/>&#8211; Trabalhar na Nova Zel\u00e2ndia.<br \/>&#8211; Estudar por at\u00e9 3 meses.<\/p><p>Ap\u00f3s este visto voc\u00ea pode solicitar outro visto de trabalho ou visto de visitante, estudante ou residente.<\/p><p><b>Observa\u00e7\u00f5es:<br \/><\/b>&#8211; Voc\u00ea n\u00e3o precisa ter uma oferta de emprego na Nova Zel\u00e2ndia para dar inicio ao processo de visto.<\/p><\/div>\n\t\t\t\t<\/div>\n\t\t\t\t\t\t\t<div class=\"elementor-accordion-item\">\n\t\t\t\t\t<div id=\"elementor-tab-title-1885\" class=\"elementor-tab-title\" data-tab=\"5\" role=\"button\" aria-controls=\"elementor-tab-content-1885\" aria-expanded=\"false\">\n\t\t\t\t\t\t\t\t\t\t\t\t\t<span class=\"elementor-accordion-icon elementor-accordion-icon-right\" aria-hidden=\"true\">\n\t\t\t\t\t\t\t\t\t\t\t\t\t\t\t<span class=\"elementor-accordion-icon-closed\"><i class=\"fas fa-plus\"><\/i><\/span>\n\t\t\t\t\t\t\t\t<span class=\"elementor-accordion-icon-opened\"><i class=\"fas fa-minus\"><\/i><\/span>\n\t\t\t\t\t\t\t\t\t\t\t\t\t\t<\/span>\n\t\t\t\t\t\t\t\t\t\t\t\t<a class=\"elementor-accordion-title\" tabindex=\"0\">Visto de Turismo - Brasileiros em casos espec\u00edficos como deporta\u00e7\u00e3o e outros<\/a>\n\t\t\t\t\t<\/div>\n\t\t\t\t\t<div id=\"elementor-tab-content-1885\" class=\"elementor-tab-content elementor-clearfix\" data-tab=\"5\" role=\"region\" aria-labelledby=\"elementor-tab-title-1885\"><h6>Brasileiros a turismo s\u00e3o isentos de visto de entrada, contudo casos em que a pessoa j\u00e1 foi deportada ou impedida de entrar devem solicitar o visto conforme documentos abaixo:<\/h6><p>Este visto \u00e9 para voc\u00ea ir para a Nova Zel\u00e2ndia como turista, visitar familiares e amigos ou estudar um curso curto. Voc\u00ea precisar\u00e1 de dinheiro suficiente para se sustentar e a todos os que est\u00e3o inclu\u00eddos no seu aplicativo durante a sua estadia.<\/p><p>&#8211; Voc\u00ea deve mostrar que \u00e9 um turista ou visitante genu\u00edno e pretende sair da Nova Zel\u00e2ndia ao final de sua estadia.<br \/>&#8211; Voc\u00ea deve ter dinheiro suficiente para viver enquanto estiver na Nova Zel\u00e2ndia ou ter um patrocinador aceit\u00e1vel.<br \/>&#8211; Voc\u00ea deve ter um bilhete para sair da Nova Zel\u00e2ndia ou ser patrocinado pelo custo de sua viagem.<\/p><p>Quanto tempo posso permanecer neste visto? Dependendo dos seus planos, at\u00e9 9 meses.<\/p><\/div>\n\t\t\t\t<\/div>\n\t\t\t\t\t\t\t<div class=\"elementor-accordion-item\">\n\t\t\t\t\t<div id=\"elementor-tab-title-1886\" class=\"elementor-tab-title\" data-tab=\"6\" role=\"button\" aria-controls=\"elementor-tab-content-1886\" aria-expanded=\"false\">\n\t\t\t\t\t\t\t\t\t\t\t\t\t<span class=\"elementor-accordion-icon elementor-accordion-icon-right\" aria-hidden=\"true\">\n\t\t\t\t\t\t\t\t\t\t\t\t\t\t\t<span class=\"elementor-accordion-icon-closed\"><i class=\"fas fa-plus\"><\/i><\/span>\n\t\t\t\t\t\t\t\t<span class=\"elementor-accordion-icon-opened\"><i class=\"fas fa-minus\"><\/i><\/span>\n\t\t\t\t\t\t\t\t\t\t\t\t\t\t<\/span>\n\t\t\t\t\t\t\t\t\t\t\t\t<a class=\"elementor-accordion-title\" tabindex=\"0\">Working Holiday Visa Nova Zel\u00e2ndia<\/a>\n\t\t\t\t\t<\/div>\n\t\t\t\t\t<div id=\"elementor-tab-content-1886\" class=\"elementor-tab-content elementor-clearfix\" data-tab=\"6\" role=\"region\" aria-labelledby=\"elementor-tab-title-1886\"><p>O Working Holiday Visa para Nova Zel\u00e2ndia \u00e9 um programa de trabalho nas f\u00e9rias e permite que voc\u00ea trabalhe ou estude enquanto estiver na Nova Zel\u00e2ndia.<\/p><p>Voc\u00ea pode se inscrever se tiver entre 18 e 30 anos e for cidad\u00e3o da Rep\u00fablica Federativa do Brasil.<\/p><p><b>Crit\u00e9rios que voc\u00ea deve atender<br \/><\/b>&#8211; Voc\u00ea precisar\u00e1 apresentar um valor para viver durante a sua estadia na Nova Zel\u00e2ndia e dinheiro suficiente para comprar uma passagem de retorno.<br \/>&#8211; Voc\u00ea deve ter um seguro m\u00e9dico completo para a dura\u00e7\u00e3o da sua estadia.<\/p><p>O Working Holiday Visa geralmente tem validade de 12 meses.<\/p><p><b>Com este visto voc\u00ea pode:<br \/><\/b>&#8211; Trabalhar na Nova Zel\u00e2ndia por at\u00e9 12 meses.<br \/>&#8211; Estudar por at\u00e9 6 meses.<\/p><p>\u00c9 um programa que tem uma cota bastante limitada e abre a cada agosto e fecha ap\u00f3s o preenchimento de todos as vagas, que geralmente \u00e9 no mesmo dia.<\/p><p><b>Para solicitar esse visto voc\u00ea deve atender as seguintes condi\u00e7\u00f5es:<\/b><\/p><p>&#8211; Ser cidad\u00e3o brasileiro e possuir passaporte brasileiro com data de validade de, no m\u00ednimo, tr\u00eas meses ap\u00f3s a data planejada de sa\u00edda da Nova Zel\u00e2ndia;<br \/>&#8211; Ter entre 18 e 30 anos de idade;<br \/>&#8211; N\u00e3o viajar com os filhos;<br \/>&#8211; Ter passagem de sa\u00edda da Nova Zel\u00e2ndia;<br \/>&#8211; Possuir dinheiro suficiente para custear sua estadia na Nova Zel\u00e2ndia (no m\u00ednimo NZ$4.200);<br \/>&#8211; Comprovar o atendimento aos requisitos de sa\u00fade e criminal da Nova Zel\u00e2ndia;<br \/>&#8211; N\u00e3o ter tido um visto de semelhante concedido anteriormente;<\/p><p><b>Enquanto estiver na Nova Zel\u00e2ndia:<br \/><\/b>&#8211; Voc\u00ea n\u00e3o deve ter um emprego permanente (a n\u00e3o ser que aplique para uma permiss\u00e3o de trabalho e ela seja concedida);<br \/>&#8211; Voc\u00ea n\u00e3o deve trabalhar para um mesmo empregador por mais de tr\u00eas meses;<br \/>&#8211; Voc\u00ea pode se matricular em um curso(s) e estudar\/treinar at\u00e9 tr\u00eas meses, de dura\u00e7\u00e3o total, durante a sua estadia.<\/p><p>Para maiores detalhes sobre o programa, entre em contato conosco.<\/p><p>H\u00e1 uma limita\u00e7\u00e3o legal na assessoria desse tipo de visto, por isso nossos servi\u00e7os poder\u00e3o ser restritos e\/ou impossibilitados de serem fornecidos.<\/p><\/div>\n\t\t\t\t<\/div>\n\t\t\t\t\t\t\t<div class=\"elementor-accordion-item\">\n\t\t\t\t\t<div id=\"elementor-tab-title-1887\" class=\"elementor-tab-title\" data-tab=\"7\" role=\"button\" aria-controls=\"elementor-tab-content-1887\" aria-expanded=\"false\">\n\t\t\t\t\t\t\t\t\t\t\t\t\t<span class=\"elementor-accordion-icon elementor-accordion-icon-right\" aria-hidden=\"true\">\n\t\t\t\t\t\t\t\t\t\t\t\t\t\t\t<span class=\"elementor-accordion-icon-closed\"><i class=\"fas fa-plus\"><\/i><\/span>\n\t\t\t\t\t\t\t\t<span class=\"elementor-accordion-icon-opened\"><i class=\"fas fa-minus\"><\/i><\/span>\n\t\t\t\t\t\t\t\t\t\t\t\t\t\t<\/span>\n\t\t\t\t\t\t\t\t\t\t\t\t<a class=\"elementor-accordion-title\" tabindex=\"0\">Working Holiday Visa - Europeus<\/a>\n\t\t\t\t\t<\/div>\n\t\t\t\t\t<div id=\"elementor-tab-content-1887\" class=\"elementor-tab-content elementor-clearfix\" data-tab=\"7\" role=\"region\" aria-labelledby=\"elementor-tab-title-1887\"><p>O Working Holiday Visa para Nova Zel\u00e2ndia \u00e9 um programa de trabalho nas f\u00e9rias e permite que voc\u00ea trabalhe ou estude enquanto estiver na Nova Zel\u00e2ndia.<\/p><p>Voc\u00ea pode se inscrever se tiver entre 18 e 30 anos e for cidad\u00e3o de pa\u00edses espec\u00edficos da Europa. Consulte-nos a limita\u00e7\u00e3o de cada pa\u00eds.<\/p><p><b>Crit\u00e9rios que voc\u00ea deve atender<br \/><\/b>&#8211; Voc\u00ea precisar\u00e1 apresentar um valor para viver durante a sua estadia na Nova Zel\u00e2ndia e dinheiro suficiente para comprar uma passagem de retorno.<br \/>&#8211; Voc\u00ea deve ter um seguro m\u00e9dico completo para a dura\u00e7\u00e3o da sua estadia.<\/p><p>O Working Holiday Visa geralmente tem validade de 12 meses.<\/p><p><b>Com este visto voc\u00ea pode:<br \/><\/b>&#8211; Trabalhar na Nova Zel\u00e2ndia por at\u00e9 12 meses.<br \/>&#8211; Estudar por at\u00e9 6 meses.<\/p><p>\u00c9 um programa que tem uma cota bastante limitada e abre a cada agosto e fecha ap\u00f3s o preenchimento de todos as vagas, que geralmente \u00e9 no mesmo dia.<\/p><\/div>\n\t\t\t\t<\/div>\n\t\t\t\t\t\t\t<div class=\"elementor-accordion-item\">\n\t\t\t\t\t<div id=\"elementor-tab-title-1888\" class=\"elementor-tab-title\" data-tab=\"8\" role=\"button\" aria-controls=\"elementor-tab-content-1888\" aria-expanded=\"false\">\n\t\t\t\t\t\t\t\t\t\t\t\t\t<span class=\"elementor-accordion-icon elementor-accordion-icon-right\" aria-hidden=\"true\">\n\t\t\t\t\t\t\t\t\t\t\t\t\t\t\t<span class=\"elementor-accordion-icon-closed\"><i class=\"fas fa-plus\"><\/i><\/span>\n\t\t\t\t\t\t\t\t<span class=\"elementor-accordion-icon-opened\"><i class=\"fas fa-minus\"><\/i><\/span>\n\t\t\t\t\t\t\t\t\t\t\t\t\t\t<\/span>\n\t\t\t\t\t\t\t\t\t\t\t\t<a class=\"elementor-accordion-title\" tabindex=\"0\">Visto para Nova Zel\u00e2ndia<\/a>\n\t\t\t\t\t<\/div>\n\t\t\t\t\t<div id=\"elementor-tab-content-1888\" class=\"elementor-tab-content elementor-clearfix\" data-tab=\"8\" role=\"region\" aria-labelledby=\"elementor-tab-title-1888\"><p>Se voc\u00ea precisar fazer uma experi\u00eancia pr\u00e1tica de trabalho como parte de seu estudo ou treinamento, poder\u00e1 se solicitar esse visto para Nova Zel\u00e2ndia. Voc\u00ea tamb\u00e9m pode se inscrever se quiser fazer um treinamento religioso formal, um treinamento pr\u00e1tico em medicina ou odontologia ou concluir um aprendizado como j\u00f3quei. Dependendo do seu estudo ou treinamento, voc\u00ea precisar\u00e1 ter uma oferta de experi\u00eancia pr\u00e1tica de trabalho, um lugar em um programa de treinamento ou um aprendizado.<\/p><p><b>Dura\u00e7\u00e3o m\u00e9dia de estadia<br \/><\/b>&#8211; Estagi\u00e1rios de medicina e odontologia podem ficar por at\u00e9 6 meses<br \/>&#8211; Os estudantes que realizam treinamento pr\u00e1tico podem ficar por at\u00e9 6 meses<br \/>&#8211; Estagi\u00e1rios religiosos podem ficar por at\u00e9 36 meses no in\u00edcio<br \/>&#8211; J\u00f3queis aprendizes podem ficar por at\u00e9 4 anos<\/p><p><b>FAIXA ET\u00c1RIA<br \/><\/b>Os j\u00f3queis devem ter 16 anos ou mais<\/p><p><b>Com esse visto voc\u00ea pode<br \/><\/b>&#8211; Fazer experi\u00eancia pr\u00e1tica de trabalho para concluir um requisito de estudo ou treinamento.<br \/>&#8211; Completar um programa formal de treinamento religioso ou aprendizado como j\u00f3quei.<br \/>&#8211; Fazer um treinamento m\u00e9dico ou odontol\u00f3gico pr\u00e1tico.<\/p><p><b>Observa\u00e7\u00f5es<\/b><br \/>Se voc\u00ea estiver estudando por mais de tr\u00eas meses em um instituto de ensino superior , dever\u00e1 solicitar um visto de estudante.<\/p><p>Voc\u00ea n\u00e3o pode incluir um parceiro ou filhos dependentes em seu pedido de visto, mas eles podem solicitar vistos com base no relacionamento deles com voc\u00ea.<\/p><\/div>\n\t\t\t\t<\/div>\n\t\t\t\t\t\t\t\t<\/div>\n\t\t\t\t\t\t<\/div>\n\t\t\t\t<\/div>\n\t\t\t\t\t<\/div>\n\t\t<\/div>\n\t\t\t\t\t<\/div>\n\t\t<\/section>\n\t\t\t\t\t<\/div>\n\t\t<\/div>\n\t\t\t\t\t<\/div>\n\t\t<\/section>\n\t\t\t\t<section class=\"elementor-section elementor-top-section elementor-element elementor-element-3d753c1 elementor-section-boxed elementor-section-height-default elementor-section-height-default\" data-id=\"3d753c1\" data-element_type=\"section\" data-e-type=\"section\">\n\t\t\t\t\t\t<div class=\"elementor-container elementor-column-gap-default\">\n\t\t\t\t\t<div class=\"elementor-column elementor-col-100 elementor-top-column elementor-element elementor-element-0de2c5e\" data-id=\"0de2c5e\" data-element_type=\"column\" data-e-type=\"column\">\n\t\t\t<div class=\"elementor-widget-wrap\">\n\t\t\t\t\t\t\t<\/div>\n\t\t<\/div>\n\t\t\t\t\t<\/div>\n\t\t<\/section>\n\t\t\t\t<section class=\"elementor-section elementor-top-section elementor-element elementor-element-f9af430 elementor-section-boxed elementor-section-height-default elementor-section-height-default\" data-id=\"f9af430\" data-element_type=\"section\" data-e-type=\"section\" data-settings=\"{&quot;background_background&quot;:&quot;classic&quot;}\">\n\t\t\t\t\t\t<div class=\"elementor-container elementor-column-gap-default\">\n\t\t\t\t\t<div class=\"elementor-column elementor-col-100 elementor-top-column elementor-element elementor-element-22c34b3\" data-id=\"22c34b3\" data-element_type=\"column\" data-e-type=\"column\">\n\t\t\t<div class=\"elementor-widget-wrap elementor-element-populated\">\n\t\t\t\t\t\t<div class=\"elementor-element elementor-element-cd28102 elementor-widget elementor-widget-text-editor\" data-id=\"cd28102\" data-element_type=\"widget\" data-e-type=\"widget\" data-widget_type=\"text-editor.default\">\n\t\t\t\t<div class=\"elementor-widget-container\">\n\t\t\t\t\t\t\t\t\t<p><span style=\"font-weight: 400;\">&nbsp;<\/span><\/p>\n<p><span style=\"font-weight: 400;\">&nbsp;<\/span><\/p>\n<p>N\u00e3o encontrou<\/p>\n<p>o que procura ou<\/p>\n<p>quer saber mais?<\/p><p><br><\/p><p><br><\/p>\t\t\t\t\t\t\t\t<\/div>\n\t\t\t\t<\/div>\n\t\t\t\t<div class=\"elementor-element elementor-element-db92a81 elementor-align-center elementor-widget elementor-widget-button\" data-id=\"db92a81\" data-element_type=\"widget\" data-e-type=\"widget\" data-widget_type=\"button.default\">\n\t\t\t\t<div class=\"elementor-widget-container\">\n\t\t\t\t\t\t\t\t\t<div class=\"elementor-button-wrapper\">\n\t\t\t\t\t<a class=\"elementor-button elementor-button-link elementor-size-lg\" href=\"https:\/\/api.whatsapp.com\/send?phone=5531991852728\">\n\t\t\t\t\t\t<span class=\"elementor-button-content-wrapper\">\n\t\t\t\t\t\t\t\t\t<span class=\"elementor-button-text\">Clique aqui.<\/span>\n\t\t\t\t\t<\/span>\n\t\t\t\t\t<\/a>\n\t\t\t\t<\/div>\n\t\t\t\t\t\t\t\t<\/div>\n\t\t\t\t<\/div>\n\t\t\t\t\t<\/div>\n\t\t<\/div>\n\t\t\t\t\t<\/div>\n\t\t<\/section>\n\t\t\t\t<\/div>\n\t\t","protected":false},"excerpt":{"rendered":"<p>Vistos Nova Zel\u00e2ndia Visto de Estudos \u00c9 um visto que deve ter muita aten\u00e7\u00e3o e cumprir com todas as diretrizes propostas. O ideal \u00e9 fazer o processo com a ajuda de uma empresa especializada para que ele seja realizado da maneira mais completa poss\u00edvel. Por conta dos crit\u00e9rios \u00e9 um processo onde um simples erro [&hellip;]<\/p>\n","protected":false},"author":1,"featured_media":0,"parent":0,"menu_order":0,"comment_status":"closed","ping_status":"closed","template":"","meta":{"footnotes":""},"class_list":["post-406","page","type-page","status-publish","hentry"],"_links":{"self":[{"href":"https:\/\/1stchoicevistos.com\/index.php?rest_route=\/wp\/v2\/pages\/406","targetHints":{"allow":["GET"]}}],"collection":[{"href":"https:\/\/1stchoicevistos.com\/index.php?rest_route=\/wp\/v2\/pages"}],"about":[{"href":"https:\/\/1stchoicevistos.com\/index.php?rest_route=\/wp\/v2\/types\/page"}],"author":[{"embeddable":true,"href":"https:\/\/1stchoicevistos.com\/index.php?rest_route=\/wp\/v2\/users\/1"}],"replies":[{"embeddable":true,"href":"https:\/\/1stchoicevistos.com\/index.php?rest_route=%2Fwp%2Fv2%2Fcomments&post=406"}],"version-history":[{"count":7,"href":"https:\/\/1stchoicevistos.com\/index.php?rest_route=\/wp\/v2\/pages\/406\/revisions"}],"predecessor-version":[{"id":504,"href":"https:\/\/1stchoicevistos.com\/index.php?rest_route=\/wp\/v2\/pages\/406\/revisions\/504"}],"wp:attachment":[{"href":"https:\/\/1stchoicevistos.com\/index.php?rest_route=%2Fwp%2Fv2%2Fmedia&parent=406"}],"curies":[{"name":"wp","href":"https:\/\/api.w.org\/{rel}","templated":true}]}}